{"id":3085,"date":"2014-09-24T10:45:20","date_gmt":"2014-09-24T10:45:20","guid":{"rendered":"http:\/\/infur.sitedesign.ee\/home-fullscreen-slider\/?lang=et"},"modified":"2017-08-22T23:09:46","modified_gmt":"2017-08-22T20:09:46","slug":"algus","status":"publish","type":"page","link":"https:\/\/softgold.ee\/et\/","title":{"rendered":"Algus"},"content":{"rendered":"<div class=\"be-section         clearfix\" data-headerscheme=\"background--light\" style=\" \"  ><div class=\"be-section-pad clearfix \" style=\" padding-top:0px;padding-bottom:0px;\" data-padding-top = \"0\"><div  class=\"be-row be-wrap clearfix \"><div  class=\"one-col column-block clearfix  no-background    \" data-animation=\"\" style=\"  \"><div class=\"be-custom-column-inner\"><\/div><\/div><\/div><\/div><\/div>","protected":false},"excerpt":{"rendered":"<p><a href=\"https:\/\/softgold.ee\/et\/\" class=\"more-link style1-button\">Read More<\/a><\/p>","protected":false},"author":1,"featured_media":0,"parent":0,"menu_order":0,"comment_status":"open","ping_status":"open","template":"","meta":{"footnotes":""},"class_list":["post-3085","page","type-page","status-publish","hentry"],"yoast_head":"<!-- This site is optimized with the Yoast SEO plugin v27.5 - https:\/\/yoast.com\/product\/yoast-seo-wordpress\/ -->\n<title>Soft Gold \u2022 Kasukad, joped ja mantlid, m\u00fctsid, kotid, jalatsid \u2022 Tallinn, Eesti<\/title>\n<meta name=\"description\" content=\"Soft Gold on multibr\u00e4ndi pood kus m\u00fc\u00fcakse nahast ja karusnahast \u00fcleriideid. 1996. aastal avasime esimese poe Tallinna vanalinnas. T\u00e4nap\u00e4eval on Soft Gold d\u00fcnaamiliselt arenev jaekaubanduse v\u00f5rk, mida esindavad mitmed spetsialiseerunud poed.Tallinnas on meie poodides k\u00f5ige suurem valik karusnahast peakatetel ja aksessuaaridel. Me m\u00fc\u00fcme ka naturaalsest karusnahast jalan\u00f5usid.\" \/>\n<meta name=\"robots\" content=\"index, follow, max-snippet:-1, max-image-preview:large, max-video-preview:-1\" \/>\n<link rel=\"canonical\" href=\"https:\/\/softgold.ee\/et\/\" \/>\n<meta property=\"og:locale\" content=\"et_EE\" \/>\n<meta property=\"og:type\" content=\"article\" \/>\n<meta property=\"og:title\" content=\"Soft Gold \u2022 Kasukad, joped ja mantlid, m\u00fctsid, kotid, jalatsid \u2022 Tallinn, Eesti\" \/>\n<meta property=\"og:description\" content=\"Soft Gold on multibr\u00e4ndi pood kus m\u00fc\u00fcakse nahast ja karusnahast \u00fcleriideid. 1996. aastal avasime esimese poe Tallinna vanalinnas. T\u00e4nap\u00e4eval on Soft Gold d\u00fcnaamiliselt arenev jaekaubanduse v\u00f5rk, mida esindavad mitmed spetsialiseerunud poed.Tallinnas on meie poodides k\u00f5ige suurem valik karusnahast peakatetel ja aksessuaaridel. Me m\u00fc\u00fcme ka naturaalsest karusnahast jalan\u00f5usid.\" \/>\n<meta property=\"og:url\" content=\"https:\/\/softgold.ee\/et\/\" \/>\n<meta property=\"og:site_name\" content=\"Softgold\" \/>\n<meta property=\"article:publisher\" content=\"https:\/\/www.facebook.com\/softgold.ilveta\" \/>\n<meta property=\"article:modified_time\" content=\"2017-08-22T20:09:46+00:00\" \/>\n<meta name=\"twitter:card\" content=\"summary_large_image\" \/>\n<script type=\"application\/ld+json\" class=\"yoast-schema-graph\">{\"@context\":\"https:\\\/\\\/schema.org\",\"@graph\":[{\"@type\":\"WebPage\",\"@id\":\"https:\\\/\\\/softgold.ee\\\/et\\\/\",\"url\":\"https:\\\/\\\/softgold.ee\\\/et\\\/\",\"name\":\"Soft Gold \u2022 Kasukad, joped ja mantlid, m\u00fctsid, kotid, jalatsid \u2022 Tallinn, Eesti\",\"isPartOf\":{\"@id\":\"https:\\\/\\\/softgold.ee\\\/et\\\/#website\"},\"datePublished\":\"2014-09-24T10:45:20+00:00\",\"dateModified\":\"2017-08-22T20:09:46+00:00\",\"description\":\"Soft Gold on multibr\u00e4ndi pood kus m\u00fc\u00fcakse nahast ja karusnahast \u00fcleriideid. 1996. aastal avasime esimese poe Tallinna vanalinnas. T\u00e4nap\u00e4eval on Soft Gold d\u00fcnaamiliselt arenev jaekaubanduse v\u00f5rk, mida esindavad mitmed spetsialiseerunud poed.Tallinnas on meie poodides k\u00f5ige suurem valik karusnahast peakatetel ja aksessuaaridel. Me m\u00fc\u00fcme ka naturaalsest karusnahast jalan\u00f5usid.\",\"breadcrumb\":{\"@id\":\"https:\\\/\\\/softgold.ee\\\/et\\\/#breadcrumb\"},\"inLanguage\":\"et\",\"potentialAction\":[{\"@type\":\"ReadAction\",\"target\":[\"https:\\\/\\\/softgold.ee\\\/et\\\/\"]}]},{\"@type\":\"BreadcrumbList\",\"@id\":\"https:\\\/\\\/softgold.ee\\\/et\\\/#breadcrumb\",\"itemListElement\":[{\"@type\":\"ListItem\",\"position\":1,\"name\":\"Home\",\"item\":\"https:\\\/\\\/softgold.ee\\\/et\\\/\"},{\"@type\":\"ListItem\",\"position\":2,\"name\":\"Algus\"}]},{\"@type\":\"WebSite\",\"@id\":\"https:\\\/\\\/softgold.ee\\\/et\\\/#website\",\"url\":\"https:\\\/\\\/softgold.ee\\\/et\\\/\",\"name\":\"Softgold\",\"description\":\"Soft Gold\",\"potentialAction\":[{\"@type\":\"SearchAction\",\"target\":{\"@type\":\"EntryPoint\",\"urlTemplate\":\"https:\\\/\\\/softgold.ee\\\/et\\\/?s={search_term_string}\"},\"query-input\":{\"@type\":\"PropertyValueSpecification\",\"valueRequired\":true,\"valueName\":\"search_term_string\"}}],\"inLanguage\":\"et\"}]}<\/script>\n<!-- \/ Yoast SEO plugin. -->","yoast_head_json":{"title":"Soft Gold \u2022 Kasukad, joped ja mantlid, m\u00fctsid, kotid, jalatsid \u2022 Tallinn, Eesti","description":"Soft Gold on multibr\u00e4ndi pood kus m\u00fc\u00fcakse nahast ja karusnahast \u00fcleriideid. 1996. aastal avasime esimese poe Tallinna vanalinnas. T\u00e4nap\u00e4eval on Soft Gold d\u00fcnaamiliselt arenev jaekaubanduse v\u00f5rk, mida esindavad mitmed spetsialiseerunud poed.Tallinnas on meie poodides k\u00f5ige suurem valik karusnahast peakatetel ja aksessuaaridel. Me m\u00fc\u00fcme ka naturaalsest karusnahast jalan\u00f5usid.","robots":{"index":"index","follow":"follow","max-snippet":"max-snippet:-1","max-image-preview":"max-image-preview:large","max-video-preview":"max-video-preview:-1"},"canonical":"https:\/\/softgold.ee\/et\/","og_locale":"et_EE","og_type":"article","og_title":"Soft Gold \u2022 Kasukad, joped ja mantlid, m\u00fctsid, kotid, jalatsid \u2022 Tallinn, Eesti","og_description":"Soft Gold on multibr\u00e4ndi pood kus m\u00fc\u00fcakse nahast ja karusnahast \u00fcleriideid. 1996. aastal avasime esimese poe Tallinna vanalinnas. T\u00e4nap\u00e4eval on Soft Gold d\u00fcnaamiliselt arenev jaekaubanduse v\u00f5rk, mida esindavad mitmed spetsialiseerunud poed.Tallinnas on meie poodides k\u00f5ige suurem valik karusnahast peakatetel ja aksessuaaridel. Me m\u00fc\u00fcme ka naturaalsest karusnahast jalan\u00f5usid.","og_url":"https:\/\/softgold.ee\/et\/","og_site_name":"Softgold","article_publisher":"https:\/\/www.facebook.com\/softgold.ilveta","article_modified_time":"2017-08-22T20:09:46+00:00","twitter_card":"summary_large_image","schema":{"@context":"https:\/\/schema.org","@graph":[{"@type":"WebPage","@id":"https:\/\/softgold.ee\/et\/","url":"https:\/\/softgold.ee\/et\/","name":"Soft Gold \u2022 Kasukad, joped ja mantlid, m\u00fctsid, kotid, jalatsid \u2022 Tallinn, Eesti","isPartOf":{"@id":"https:\/\/softgold.ee\/et\/#website"},"datePublished":"2014-09-24T10:45:20+00:00","dateModified":"2017-08-22T20:09:46+00:00","description":"Soft Gold on multibr\u00e4ndi pood kus m\u00fc\u00fcakse nahast ja karusnahast \u00fcleriideid. 1996. aastal avasime esimese poe Tallinna vanalinnas. T\u00e4nap\u00e4eval on Soft Gold d\u00fcnaamiliselt arenev jaekaubanduse v\u00f5rk, mida esindavad mitmed spetsialiseerunud poed.Tallinnas on meie poodides k\u00f5ige suurem valik karusnahast peakatetel ja aksessuaaridel. Me m\u00fc\u00fcme ka naturaalsest karusnahast jalan\u00f5usid.","breadcrumb":{"@id":"https:\/\/softgold.ee\/et\/#breadcrumb"},"inLanguage":"et","potentialAction":[{"@type":"ReadAction","target":["https:\/\/softgold.ee\/et\/"]}]},{"@type":"BreadcrumbList","@id":"https:\/\/softgold.ee\/et\/#breadcrumb","itemListElement":[{"@type":"ListItem","position":1,"name":"Home","item":"https:\/\/softgold.ee\/et\/"},{"@type":"ListItem","position":2,"name":"Algus"}]},{"@type":"WebSite","@id":"https:\/\/softgold.ee\/et\/#website","url":"https:\/\/softgold.ee\/et\/","name":"Softgold","description":"Soft Gold","potentialAction":[{"@type":"SearchAction","target":{"@type":"EntryPoint","urlTemplate":"https:\/\/softgold.ee\/et\/?s={search_term_string}"},"query-input":{"@type":"PropertyValueSpecification","valueRequired":true,"valueName":"search_term_string"}}],"inLanguage":"et"}]}},"_links":{"self":[{"href":"https:\/\/softgold.ee\/et\/wp-json\/wp\/v2\/pages\/3085","targetHints":{"allow":["GET"]}}],"collection":[{"href":"https:\/\/softgold.ee\/et\/wp-json\/wp\/v2\/pages"}],"about":[{"href":"https:\/\/softgold.ee\/et\/wp-json\/wp\/v2\/types\/page"}],"author":[{"embeddable":true,"href":"https:\/\/softgold.ee\/et\/wp-json\/wp\/v2\/users\/1"}],"replies":[{"embeddable":true,"href":"https:\/\/softgold.ee\/et\/wp-json\/wp\/v2\/comments?post=3085"}],"version-history":[{"count":0,"href":"https:\/\/softgold.ee\/et\/wp-json\/wp\/v2\/pages\/3085\/revisions"}],"wp:attachment":[{"href":"https:\/\/softgold.ee\/et\/wp-json\/wp\/v2\/media?parent=3085"}],"curies":[{"name":"wp","href":"https:\/\/api.w.org\/{rel}","templated":true}]}}