{"id":3347,"date":"2014-11-03T10:56:59","date_gmt":"2014-11-03T10:56:59","guid":{"rendered":"http:\/\/infur.sitedesign.ee\/contact\/?lang=et"},"modified":"2017-10-29T12:04:43","modified_gmt":"2017-10-29T10:04:43","slug":"kontakt","status":"publish","type":"page","link":"https:\/\/softgold.ee\/et\/kontakt\/","title":{"rendered":"Kontakt"},"content":{"rendered":"<div class=\"be-section   be-bg-cover be-bg-parallax     clearfix\" data-headerscheme=\"background--dark\" style=\" background: url(https:\/\/softgold.ee\/wp-content\/uploads\/2014\/10\/HEADER-ABOUT.jpg) no-repeat fixed center center;\"  ><div class=\"be-section-pad clearfix \" style=\" padding-top:90px;padding-bottom:90px;\" data-padding-top = \"90\"><div  class=\"be-row be-wrap clearfix \"><div  class=\"one-col column-block clearfix  no-background    \" data-animation=\"\" style=\"  \"><div class=\"be-custom-column-inner\"><div class=\"linebreak \" style=\"height:300px;\"><\/div><\/div><\/div><\/div><\/div><\/div><div class=\"be-section         clearfix\" data-headerscheme=\"background--dark\" style=\" \"  ><div class=\"be-section-pad clearfix \" style=\" padding-top:90px;padding-bottom:90px;\" data-padding-top = \"90\"><div  class=\"be-row be-wrap clearfix \"><div  class=\"one-third column-block  no-background    \" data-animation=\"\" style=\"  \"><div class=\"be-custom-column-inner\"><h4>Kontakt andmed<\/h4>\n<hr class=\"separator\" style=\"background-color:#7c7c7c;color:#7c7c7c;height:1px;width:50%;\" \/><ul class=\"custom-list\"><li class=\"custom-list-content\"><i class=\"font-icon icon-icon_phone \" style=\"color:#000000;\"><\/i><span class=\"custom-list-content-inner\">+372 6 44&nbsp;22 06<\/span><\/li><li class=\"custom-list-content\"><i class=\"font-icon icon-email \" style=\"color:#000000;\"><\/i><span class=\"custom-list-content-inner\"><a href=\"mailto:info@softgold.ee\">info@softgold.ee<\/a><\/span><\/li><\/ul><\/div><\/div><div  class=\"two-third column-block  no-background    \" data-animation=\"\" style=\"  \"><div class=\"be-custom-column-inner\"><h5>V\u00f5ta meiega \u00fchendust<\/h5>\n<p>Kui teil tekkisid mingid k\u00fcsimused v\u00f5i ettepanekud, kirjutage julgelt meile.<\/p>\n<div class=\"contact_form contact_form_module style1 style1-input\">\n\t\t\t\t\t\t<form method=\"post\" class=\"contact\">\n\t\t\t\t\t\t\t<fieldset class=\"field_name contact_fieldset\">\n\t\t\t\t\t\t\t\t<input type=\"text\" name=\"contact_name\" class=\"txt autoclear\" placeholder=\"Nimi\" style=\"background-color: #ffffff;color: #999999;border-width: 0px; border-style: solid; height: 45px;\" \/>\n\t\t\t\t\t\t\t<\/fieldset>\n\t\t\t\t\t\t\t<fieldset class=\"field_email contact_fieldset\">\n\t\t\t\t\t\t\t\t<input type=\"text\" name=\"contact_email\" class=\"txt autoclear\" placeholder=\"E-post\" style=\"background-color: #ffffff;color: #999999;border-width: 0px; border-style: solid; height: 45px;\" \/>\n\t\t\t\t\t\t\t<\/fieldset><fieldset class=\"field_subject contact_fieldset\">\n\t\t\t\t\t\t\t\t<input type=\"text\" name=\"contact_subject\" class=\"txt autoclear\" placeholder=\"Teema\" style=\"background-color: #ffffff;color: #999999;border-width: 0px; border-style: solid; height: 45px;\" \/>\n\t\t\t\t\t\t<\/fieldset><fieldset class=\"field_comment contact_fieldset\">\n\t\t\t\t\t\t\t\t<textarea name=\"contact_comment\" class=\"txt_area autoclear\" placeholder=\"Kiri\" style=\"background-color: #ffffff;color: #999999;border-width: 0px; border-style: solid;\" ><\/textarea>\n\t\t\t\t\t\t\t<\/fieldset>\n\t\t\t\t\t\t\t<fieldset class=\"contact_fieldset submit-fieldset\">\n\t\t\t\t\t\t\t\t<input type=\"submit\" name=\"contact_submit\" value=\"Saada\" class=\"contact_submit be-shortcode mediumbtn be-button rounded\" style=\"background-color: #e5bf50;color: #ffffff;\"\/>\n\t\t\t\t\t\t\t\t<div class=\"contact_loader\"><div class=\"font-icon loader-style4-wrap loader-icon\"><\/div><\/div>\n\t\t\t\t\t\t\t<\/fieldset>\n\t\t\t\t\t\t\t<div class=\"contact_status be-notification\"><\/div>\n\t\t\t\t\t\t<\/form>\n\t\t\t\t\t<\/div><\/div><\/div><\/div><\/div><\/div>","protected":false},"excerpt":{"rendered":"<p>Kontakt andmed +372 6 44&nbsp;22 06info@softgold.eeV\u00f5ta meiega \u00fchendust Kui teil tekkisid mingid k\u00fcsimused v\u00f5i ettepanekud, kirjutage julgelt meile.<\/p>\n<p><a href=\"https:\/\/softgold.ee\/et\/kontakt\/\" class=\"more-link style1-button\">Read More<\/a><\/p>","protected":false},"author":1,"featured_media":0,"parent":0,"menu_order":0,"comment_status":"open","ping_status":"open","template":"","meta":{"footnotes":""},"class_list":["post-3347","page","type-page","status-publish","hentry"],"yoast_head":"<!-- This site is optimized with the Yoast SEO plugin v27.4 - https:\/\/yoast.com\/product\/yoast-seo-wordpress\/ -->\n<title>Soft Gold \u2022 Kasukad, joped ja mantlid \u2022 Tallinn, Eesti \u2022 Kontakt<\/title>\n<meta name=\"robots\" content=\"index, follow, max-snippet:-1, max-image-preview:large, max-video-preview:-1\" \/>\n<link rel=\"canonical\" href=\"https:\/\/softgold.ee\/et\/kontakt\/\" \/>\n<meta property=\"og:locale\" content=\"et_EE\" \/>\n<meta property=\"og:type\" content=\"article\" \/>\n<meta property=\"og:title\" content=\"Soft Gold \u2022 Kasukad, joped ja mantlid \u2022 Tallinn, Eesti \u2022 Kontakt\" \/>\n<meta property=\"og:description\" content=\"Kontakt andmed +372 6 44&nbsp;22 06info@softgold.eeV\u00f5ta meiega \u00fchendust Kui teil tekkisid mingid k\u00fcsimused v\u00f5i ettepanekud, kirjutage julgelt meile.\" \/>\n<meta property=\"og:url\" content=\"https:\/\/softgold.ee\/et\/kontakt\/\" \/>\n<meta property=\"og:site_name\" content=\"Softgold\" \/>\n<meta property=\"article:publisher\" content=\"https:\/\/www.facebook.com\/softgold.ilveta\" \/>\n<meta property=\"article:modified_time\" content=\"2017-10-29T10:04:43+00:00\" \/>\n<meta name=\"twitter:card\" content=\"summary_large_image\" \/>\n<script type=\"application\/ld+json\" class=\"yoast-schema-graph\">{\"@context\":\"https:\\\/\\\/schema.org\",\"@graph\":[{\"@type\":\"WebPage\",\"@id\":\"https:\\\/\\\/softgold.ee\\\/et\\\/kontakt\\\/\",\"url\":\"https:\\\/\\\/softgold.ee\\\/et\\\/kontakt\\\/\",\"name\":\"Soft Gold \u2022 Kasukad, joped ja mantlid \u2022 Tallinn, Eesti \u2022 Kontakt\",\"isPartOf\":{\"@id\":\"https:\\\/\\\/softgold.ee\\\/et\\\/#website\"},\"datePublished\":\"2014-11-03T10:56:59+00:00\",\"dateModified\":\"2017-10-29T10:04:43+00:00\",\"breadcrumb\":{\"@id\":\"https:\\\/\\\/softgold.ee\\\/et\\\/kontakt\\\/#breadcrumb\"},\"inLanguage\":\"et\",\"potentialAction\":[{\"@type\":\"ReadAction\",\"target\":[\"https:\\\/\\\/softgold.ee\\\/et\\\/kontakt\\\/\"]}]},{\"@type\":\"BreadcrumbList\",\"@id\":\"https:\\\/\\\/softgold.ee\\\/et\\\/kontakt\\\/#breadcrumb\",\"itemListElement\":[{\"@type\":\"ListItem\",\"position\":1,\"name\":\"Home\",\"item\":\"https:\\\/\\\/softgold.ee\\\/et\\\/\"},{\"@type\":\"ListItem\",\"position\":2,\"name\":\"Kontakt\"}]},{\"@type\":\"WebSite\",\"@id\":\"https:\\\/\\\/softgold.ee\\\/et\\\/#website\",\"url\":\"https:\\\/\\\/softgold.ee\\\/et\\\/\",\"name\":\"Softgold\",\"description\":\"Soft Gold\",\"potentialAction\":[{\"@type\":\"SearchAction\",\"target\":{\"@type\":\"EntryPoint\",\"urlTemplate\":\"https:\\\/\\\/softgold.ee\\\/et\\\/?s={search_term_string}\"},\"query-input\":{\"@type\":\"PropertyValueSpecification\",\"valueRequired\":true,\"valueName\":\"search_term_string\"}}],\"inLanguage\":\"et\"}]}<\/script>\n<!-- \/ Yoast SEO plugin. -->","yoast_head_json":{"title":"Soft Gold \u2022 Kasukad, joped ja mantlid \u2022 Tallinn, Eesti \u2022 Kontakt","robots":{"index":"index","follow":"follow","max-snippet":"max-snippet:-1","max-image-preview":"max-image-preview:large","max-video-preview":"max-video-preview:-1"},"canonical":"https:\/\/softgold.ee\/et\/kontakt\/","og_locale":"et_EE","og_type":"article","og_title":"Soft Gold \u2022 Kasukad, joped ja mantlid \u2022 Tallinn, Eesti \u2022 Kontakt","og_description":"Kontakt andmed +372 6 44&nbsp;22 06info@softgold.eeV\u00f5ta meiega \u00fchendust Kui teil tekkisid mingid k\u00fcsimused v\u00f5i ettepanekud, kirjutage julgelt meile.","og_url":"https:\/\/softgold.ee\/et\/kontakt\/","og_site_name":"Softgold","article_publisher":"https:\/\/www.facebook.com\/softgold.ilveta","article_modified_time":"2017-10-29T10:04:43+00:00","twitter_card":"summary_large_image","schema":{"@context":"https:\/\/schema.org","@graph":[{"@type":"WebPage","@id":"https:\/\/softgold.ee\/et\/kontakt\/","url":"https:\/\/softgold.ee\/et\/kontakt\/","name":"Soft Gold \u2022 Kasukad, joped ja mantlid \u2022 Tallinn, Eesti \u2022 Kontakt","isPartOf":{"@id":"https:\/\/softgold.ee\/et\/#website"},"datePublished":"2014-11-03T10:56:59+00:00","dateModified":"2017-10-29T10:04:43+00:00","breadcrumb":{"@id":"https:\/\/softgold.ee\/et\/kontakt\/#breadcrumb"},"inLanguage":"et","potentialAction":[{"@type":"ReadAction","target":["https:\/\/softgold.ee\/et\/kontakt\/"]}]},{"@type":"BreadcrumbList","@id":"https:\/\/softgold.ee\/et\/kontakt\/#breadcrumb","itemListElement":[{"@type":"ListItem","position":1,"name":"Home","item":"https:\/\/softgold.ee\/et\/"},{"@type":"ListItem","position":2,"name":"Kontakt"}]},{"@type":"WebSite","@id":"https:\/\/softgold.ee\/et\/#website","url":"https:\/\/softgold.ee\/et\/","name":"Softgold","description":"Soft Gold","potentialAction":[{"@type":"SearchAction","target":{"@type":"EntryPoint","urlTemplate":"https:\/\/softgold.ee\/et\/?s={search_term_string}"},"query-input":{"@type":"PropertyValueSpecification","valueRequired":true,"valueName":"search_term_string"}}],"inLanguage":"et"}]}},"_links":{"self":[{"href":"https:\/\/softgold.ee\/et\/wp-json\/wp\/v2\/pages\/3347","targetHints":{"allow":["GET"]}}],"collection":[{"href":"https:\/\/softgold.ee\/et\/wp-json\/wp\/v2\/pages"}],"about":[{"href":"https:\/\/softgold.ee\/et\/wp-json\/wp\/v2\/types\/page"}],"author":[{"embeddable":true,"href":"https:\/\/softgold.ee\/et\/wp-json\/wp\/v2\/users\/1"}],"replies":[{"embeddable":true,"href":"https:\/\/softgold.ee\/et\/wp-json\/wp\/v2\/comments?post=3347"}],"version-history":[{"count":0,"href":"https:\/\/softgold.ee\/et\/wp-json\/wp\/v2\/pages\/3347\/revisions"}],"wp:attachment":[{"href":"https:\/\/softgold.ee\/et\/wp-json\/wp\/v2\/media?parent=3347"}],"curies":[{"name":"wp","href":"https:\/\/api.w.org\/{rel}","templated":true}]}}