{"id":3348,"date":"2014-10-20T12:38:59","date_gmt":"2014-10-20T12:38:59","guid":{"rendered":"http:\/\/infur.sitedesign.ee\/about-us\/?lang=et"},"modified":"2017-10-29T12:05:25","modified_gmt":"2017-10-29T10:05:25","slug":"meist","status":"publish","type":"page","link":"https:\/\/softgold.ee\/et\/meist\/","title":{"rendered":"Meist"},"content":{"rendered":"<div class=\"be-section   be-bg-cover      clearfix\" data-headerscheme=\"background--light\" style=\" background: url(https:\/\/softgold.ee\/wp-content\/uploads\/2014\/10\/HEADER-ABOUT.jpg) no-repeat fixed center center;\"  ><div class=\"be-section-pad clearfix \" style=\" padding-top:250px;padding-bottom:250px;\" data-padding-top = \"250\"><div  class=\"be-row be-wrap clearfix \"><div  class=\"one-col column-block clearfix  no-background    \" data-animation=\"\" style=\"  \"><div class=\"be-custom-column-inner\"><\/div><\/div><\/div><\/div><\/div><div class=\"be-section         clearfix\" data-headerscheme=\"background--light\" style=\" background-color: #ffffff;\"  ><div class=\"be-section-pad clearfix \" style=\" padding-top:90px;padding-bottom:90px;\" data-padding-top = \"90\"><div  class=\"be-row be-wrap clearfix \"><div  class=\"one-half column-block  no-background    \" data-animation=\"\" style=\"  \"><div class=\"be-custom-column-inner\"><h4>Soft Gold on multibr\u00e4ndi pood kus m\u00fc\u00fcakse nahast ja karusnahast \u00fcleriideid. 1996. aastal avasime esimese poe Tallinna vanalinnas. T\u00e4nap\u00e4eval on Soft Gold d\u00fcnaamiliselt arenev jaekaubanduse v\u00f5rk, mida esindavad mitmed spetsialiseerunud poed.<\/h4>\n<hr class=\"separator\" style=\"background-color:#000000;color:#000000;height:3px;width:15%;\" \/><\/div><\/div><div  class=\"one-half column-block  no-background    \" data-animation=\"\" style=\"  \"><div class=\"be-custom-column-inner\"><p>Karusnahka ei nimetata asjata &#8220;pehmeks kullaks&#8221;. See on nagu iga teine kaunistus, mis kingib kandjale \u0161iki, luksusliku, eufoorilise, \u00f5nne-mugavus- ja soojatunde. Karusnahk pole mitte midagi muud kui omaniku s\u00f5natu k\u00f5rge staatuse tunnistaja. Karusnahk on v\u00f5imeline muutma kandjat elegantseks ja samal ajal ka ekstravagantseks \u00f5htustel seltskondlikel \u00fcritustel. Karusnaha kohta v\u00f5ib \u00f6elda, et ta n\u00e4eb sobiv v\u00e4lja \u00fcksk\u00f5ik millistel koosviibimistel. See on just nimelt see toode, millesse omanik soovib panustada enda s\u00e4\u00e4stud.<\/p>\n<p>Pikkade aastate jooksul oleme kogunud suure karusnaha toodete m\u00fc\u00fcgikogemuse. Meie poed on saanud \u00fchtedeks k\u00f5ige populaarsemateks karusnaha salongideks Tallinnas ja on teeninud \u00e4ra usalduse paljude ostjate seas, kes tulevad m\u00f5nikord oma teise, kolmanda, kaheksanda kasuka v\u00f5i jope j\u00e4rgi meie salongidesse &#8211; see ongi parim hinnang meie t\u00f6\u00f6le.<\/p>\n<\/div><\/div><\/div><\/div><\/div><div class=\"be-section   be-bg-cover be-bg-parallax     clearfix\" data-headerscheme=\"background--dark\" style=\" background: url(https:\/\/softgold.ee\/wp-content\/uploads\/2016\/03\/softgold01.jpg) no-repeat fixed center center;\"  ><div class=\"be-section-pad clearfix \" style=\" padding-top:90px;padding-bottom:90px;\" data-padding-top = \"90\"><div  class=\"be-row be-wrap clearfix \"><div  class=\"one-col column-block clearfix  no-background    \" data-animation=\"\" style=\"  \"><div class=\"be-custom-column-inner\"><div class=\"linebreak \" style=\"height:300px;\"><\/div><\/div><\/div><\/div><\/div><\/div><div class=\"be-section         clearfix\" data-headerscheme=\"background--light\" style=\" background-color: #f2f2f2;\"  ><div class=\"be-section-pad clearfix \" style=\" padding-top:90px;padding-bottom:90px;\" data-padding-top = \"90\"><div  class=\"be-row be-wrap clearfix \"><div  class=\"one-half column-block  no-background    \" data-animation=\"\" style=\"  \"><div class=\"be-custom-column-inner\"><p>Ettev\u00f5te hinnapoliitika sobib erineva sissetulekuga klientidele, meil on olemas soodsad, samas kvaliteetsed tooted ja t\u00e4ielikult eksklusiivsed tootesarjad. Meie firma toodete kvaliteedi ja hinna suhe on v\u00e4ljaspool igasugust konkurentsi.<\/p>\n<p>Siiani on muutusteta olnud suurim n\u00f5udmine meie karusnaha salongides naaritsanahast toodete j\u00e4rgi. Naaritsanahast kasukas on kahtlemata selle kandja k\u00f5rge staatuse n\u00e4itaja. Kuid meie esindustest v\u00f5ite leida ka teisi karusnahast tooteid.<\/p>\n<p>Meie esindus asub mugavalt Tallinna vanalinnas, Viru t\u00e4naval (Viru 14). Hea koost\u00f6\u00f6&nbsp; naabruses asuva karusnaha salongiga INFUR (Raekoja plats 4), annab Teile v\u00f5imaluse k\u00fclastada kahte suurt karusnaha toodetele spetsialiseerunud poodi \u00fcheaegselt. M\u00fc\u00fcgil on kasukad, dubljonkad, nahkjoped, drappriidest tooted mis on kaunistatud naturaalse karusnahaga. Lisaks ka sulejoped, m\u00fctsid, karusnahast kindad, untad, kotid ja palju muid aksessuaare.<\/p>\n<\/div><\/div><div  class=\"one-half column-block  no-background    \" data-animation=\"\" style=\"  \"><div class=\"be-custom-column-inner\"><h4>Tallinnas on meie poodides k\u00f5ige suurem valik karusnahast peakatetel  ja aksessuaaridel. Me m\u00fc\u00fcme ka naturaalsest karusnahast jalan\u00f5usid.<\/h4>\n<hr class=\"separator\" style=\"background-color:#000000;color:#000000;height:3px;width:15%;\" \/><\/div><\/div><\/div><\/div><\/div>","protected":false},"excerpt":{"rendered":"<p>Soft Gold on multibr\u00e4ndi pood kus m\u00fc\u00fcakse nahast ja karusnahast \u00fcleriideid. 1996. aastal avasime esimese poe Tallinna vanalinnas. T\u00e4nap\u00e4eval on Soft Gold d\u00fcnaamiliselt arenev jaekaubanduse v\u00f5rk, mida esindavad mitmed spetsialiseerunud [&hellip;]<\/p>\n<p><a href=\"https:\/\/softgold.ee\/et\/meist\/\" class=\"more-link style1-button\">Read More<\/a><\/p>","protected":false},"author":1,"featured_media":0,"parent":0,"menu_order":0,"comment_status":"open","ping_status":"open","template":"","meta":{"footnotes":""},"class_list":["post-3348","page","type-page","status-publish","hentry"],"yoast_head":"<!-- This site is optimized with the Yoast SEO plugin v27.5 - https:\/\/yoast.com\/product\/yoast-seo-wordpress\/ -->\n<title>Soft Gold \u2022 Karusnahk ja nahk \u2022 Tallinn, Eesti \u2022 Meist<\/title>\n<meta name=\"robots\" content=\"index, follow, max-snippet:-1, max-image-preview:large, max-video-preview:-1\" \/>\n<link rel=\"canonical\" href=\"https:\/\/softgold.ee\/et\/meist\/\" \/>\n<meta property=\"og:locale\" content=\"et_EE\" \/>\n<meta property=\"og:type\" content=\"article\" \/>\n<meta property=\"og:title\" content=\"Soft Gold \u2022 Karusnahk ja nahk \u2022 Tallinn, Eesti \u2022 Meist\" \/>\n<meta property=\"og:description\" content=\"Soft Gold on multibr\u00e4ndi pood kus m\u00fc\u00fcakse nahast ja karusnahast \u00fcleriideid. 1996. aastal avasime esimese poe Tallinna vanalinnas. T\u00e4nap\u00e4eval on Soft Gold d\u00fcnaamiliselt arenev jaekaubanduse v\u00f5rk, mida esindavad mitmed spetsialiseerunud [&hellip;]\" \/>\n<meta property=\"og:url\" content=\"https:\/\/softgold.ee\/et\/meist\/\" \/>\n<meta property=\"og:site_name\" content=\"Softgold\" \/>\n<meta property=\"article:publisher\" content=\"https:\/\/www.facebook.com\/softgold.ilveta\" \/>\n<meta property=\"article:modified_time\" content=\"2017-10-29T10:05:25+00:00\" \/>\n<meta name=\"twitter:card\" content=\"summary_large_image\" \/>\n<script type=\"application\/ld+json\" class=\"yoast-schema-graph\">{\"@context\":\"https:\\\/\\\/schema.org\",\"@graph\":[{\"@type\":\"WebPage\",\"@id\":\"https:\\\/\\\/softgold.ee\\\/et\\\/meist\\\/\",\"url\":\"https:\\\/\\\/softgold.ee\\\/et\\\/meist\\\/\",\"name\":\"Soft Gold \u2022 Karusnahk ja nahk \u2022 Tallinn, Eesti \u2022 Meist\",\"isPartOf\":{\"@id\":\"https:\\\/\\\/softgold.ee\\\/et\\\/#website\"},\"datePublished\":\"2014-10-20T12:38:59+00:00\",\"dateModified\":\"2017-10-29T10:05:25+00:00\",\"breadcrumb\":{\"@id\":\"https:\\\/\\\/softgold.ee\\\/et\\\/meist\\\/#breadcrumb\"},\"inLanguage\":\"et\",\"potentialAction\":[{\"@type\":\"ReadAction\",\"target\":[\"https:\\\/\\\/softgold.ee\\\/et\\\/meist\\\/\"]}]},{\"@type\":\"BreadcrumbList\",\"@id\":\"https:\\\/\\\/softgold.ee\\\/et\\\/meist\\\/#breadcrumb\",\"itemListElement\":[{\"@type\":\"ListItem\",\"position\":1,\"name\":\"Home\",\"item\":\"https:\\\/\\\/softgold.ee\\\/et\\\/\"},{\"@type\":\"ListItem\",\"position\":2,\"name\":\"Meist\"}]},{\"@type\":\"WebSite\",\"@id\":\"https:\\\/\\\/softgold.ee\\\/et\\\/#website\",\"url\":\"https:\\\/\\\/softgold.ee\\\/et\\\/\",\"name\":\"Softgold\",\"description\":\"Soft Gold\",\"potentialAction\":[{\"@type\":\"SearchAction\",\"target\":{\"@type\":\"EntryPoint\",\"urlTemplate\":\"https:\\\/\\\/softgold.ee\\\/et\\\/?s={search_term_string}\"},\"query-input\":{\"@type\":\"PropertyValueSpecification\",\"valueRequired\":true,\"valueName\":\"search_term_string\"}}],\"inLanguage\":\"et\"}]}<\/script>\n<!-- \/ Yoast SEO plugin. -->","yoast_head_json":{"title":"Soft Gold \u2022 Karusnahk ja nahk \u2022 Tallinn, Eesti \u2022 Meist","robots":{"index":"index","follow":"follow","max-snippet":"max-snippet:-1","max-image-preview":"max-image-preview:large","max-video-preview":"max-video-preview:-1"},"canonical":"https:\/\/softgold.ee\/et\/meist\/","og_locale":"et_EE","og_type":"article","og_title":"Soft Gold \u2022 Karusnahk ja nahk \u2022 Tallinn, Eesti \u2022 Meist","og_description":"Soft Gold on multibr\u00e4ndi pood kus m\u00fc\u00fcakse nahast ja karusnahast \u00fcleriideid. 1996. aastal avasime esimese poe Tallinna vanalinnas. T\u00e4nap\u00e4eval on Soft Gold d\u00fcnaamiliselt arenev jaekaubanduse v\u00f5rk, mida esindavad mitmed spetsialiseerunud [&hellip;]","og_url":"https:\/\/softgold.ee\/et\/meist\/","og_site_name":"Softgold","article_publisher":"https:\/\/www.facebook.com\/softgold.ilveta","article_modified_time":"2017-10-29T10:05:25+00:00","twitter_card":"summary_large_image","schema":{"@context":"https:\/\/schema.org","@graph":[{"@type":"WebPage","@id":"https:\/\/softgold.ee\/et\/meist\/","url":"https:\/\/softgold.ee\/et\/meist\/","name":"Soft Gold \u2022 Karusnahk ja nahk \u2022 Tallinn, Eesti \u2022 Meist","isPartOf":{"@id":"https:\/\/softgold.ee\/et\/#website"},"datePublished":"2014-10-20T12:38:59+00:00","dateModified":"2017-10-29T10:05:25+00:00","breadcrumb":{"@id":"https:\/\/softgold.ee\/et\/meist\/#breadcrumb"},"inLanguage":"et","potentialAction":[{"@type":"ReadAction","target":["https:\/\/softgold.ee\/et\/meist\/"]}]},{"@type":"BreadcrumbList","@id":"https:\/\/softgold.ee\/et\/meist\/#breadcrumb","itemListElement":[{"@type":"ListItem","position":1,"name":"Home","item":"https:\/\/softgold.ee\/et\/"},{"@type":"ListItem","position":2,"name":"Meist"}]},{"@type":"WebSite","@id":"https:\/\/softgold.ee\/et\/#website","url":"https:\/\/softgold.ee\/et\/","name":"Softgold","description":"Soft Gold","potentialAction":[{"@type":"SearchAction","target":{"@type":"EntryPoint","urlTemplate":"https:\/\/softgold.ee\/et\/?s={search_term_string}"},"query-input":{"@type":"PropertyValueSpecification","valueRequired":true,"valueName":"search_term_string"}}],"inLanguage":"et"}]}},"_links":{"self":[{"href":"https:\/\/softgold.ee\/et\/wp-json\/wp\/v2\/pages\/3348","targetHints":{"allow":["GET"]}}],"collection":[{"href":"https:\/\/softgold.ee\/et\/wp-json\/wp\/v2\/pages"}],"about":[{"href":"https:\/\/softgold.ee\/et\/wp-json\/wp\/v2\/types\/page"}],"author":[{"embeddable":true,"href":"https:\/\/softgold.ee\/et\/wp-json\/wp\/v2\/users\/1"}],"replies":[{"embeddable":true,"href":"https:\/\/softgold.ee\/et\/wp-json\/wp\/v2\/comments?post=3348"}],"version-history":[{"count":0,"href":"https:\/\/softgold.ee\/et\/wp-json\/wp\/v2\/pages\/3348\/revisions"}],"wp:attachment":[{"href":"https:\/\/softgold.ee\/et\/wp-json\/wp\/v2\/media?parent=3348"}],"curies":[{"name":"wp","href":"https:\/\/api.w.org\/{rel}","templated":true}]}}